{"id":2,"date":"2021-03-30T10:00:50","date_gmt":"2021-03-30T08:00:50","guid":{"rendered":"https:\/\/pierremkine.be\/?page_id=2"},"modified":"2026-02-09T15:21:08","modified_gmt":"2026-02-09T14:21:08","slug":"accueil","status":"publish","type":"page","link":"https:\/\/pierremkine.be\/en\/","title":{"rendered":"Home"},"content":{"rendered":"<div data-elementor-type=\"wp-page\" data-elementor-id=\"2\" class=\"elementor elementor-2\" data-elementor-post-type=\"page\">\n\t\t\t\t<div class=\"elementor-element elementor-element-c0116cd e-flex e-con-boxed e-con e-parent\" data-id=\"c0116cd\" data-element_type=\"container\" data-e-type=\"container\" data-settings=\"{&quot;background_background&quot;:&quot;classic&quot;}\">\n\t\t\t\t\t<div class=\"e-con-inner\">\n\t\t\t\t<div class=\"elementor-element elementor-element-309495e elementor-widget elementor-widget-heading\" data-id=\"309495e\" data-element_type=\"widget\" data-e-type=\"widget\" data-widget_type=\"heading.default\">\n\t\t\t\t<div class=\"elementor-widget-container\">\n\t\t\t\t\t<h1 class=\"elementor-heading-title elementor-size-default\">Kin\u00e9sith\u00e9rapeute et acupuncteur \u00e0 Wavre<\/h1>\t\t\t\t<\/div>\n\t\t\t\t<\/div>\n\t\t\t\t<div class=\"elementor-element elementor-element-a3905d1 elementor-widget elementor-widget-heading\" data-id=\"a3905d1\" data-element_type=\"widget\" data-e-type=\"widget\" data-widget_type=\"heading.default\">\n\t\t\t\t<div class=\"elementor-widget-container\">\n\t\t\t\t\t<h2 class=\"elementor-heading-title elementor-size-default\">Pierre Michel<\/h2>\t\t\t\t<\/div>\n\t\t\t\t<\/div>\n\t\t\t\t\t<\/div>\n\t\t\t\t<\/div>\n\t\t<div class=\"elementor-element elementor-element-6f5a24d e-flex e-con-boxed e-con e-parent\" data-id=\"6f5a24d\" data-element_type=\"container\" data-e-type=\"container\">\n\t\t\t\t\t<div class=\"e-con-inner\">\n\t\t\t\t<div class=\"elementor-element elementor-element-aa2422e elementor-widget elementor-widget-heading\" data-id=\"aa2422e\" data-element_type=\"widget\" data-e-type=\"widget\" data-widget_type=\"heading.default\">\n\t\t\t\t<div class=\"elementor-widget-container\">\n\t\t\t\t\t<h2 class=\"elementor-heading-title elementor-size-default\">Your physiotherapist in Wavre<\/h2>\t\t\t\t<\/div>\n\t\t\t\t<\/div>\n\t\t\t\t<div class=\"elementor-element elementor-element-1b9d163 elementor-widget-divider--view-line elementor-widget elementor-widget-divider\" data-id=\"1b9d163\" data-element_type=\"widget\" data-e-type=\"widget\" data-widget_type=\"divider.default\">\n\t\t\t\t<div class=\"elementor-widget-container\">\n\t\t\t\t\t\t\t<div class=\"elementor-divider\">\n\t\t\t<span class=\"elementor-divider-separator\">\n\t\t\t\t\t\t<\/span>\n\t\t<\/div>\n\t\t\t\t\t\t<\/div>\n\t\t\t\t<\/div>\n\t\t\t\t<div class=\"elementor-element elementor-element-35eaf35 elementor-widget elementor-widget-text-editor\" data-id=\"35eaf35\" data-element_type=\"widget\" data-e-type=\"widget\" data-widget_type=\"text-editor.default\">\n\t\t\t\t<div class=\"elementor-widget-container\">\n\t\t\t\t\t\t\t\t\t<p>La\u00a0<strong>physiotherapy<\/strong>,\u00a0\u201cth\u00e9rapie par le mouvement\u201d, vise dans un premier temps \u00e0 diminuer la\u00a0<strong>pain\u00a0<\/strong>of the patient while preserving his\u00a0<strong>mobility<\/strong>.<\/p><p>Then, with a\u00a0<strong>progressive re-training<\/strong>\u00a0\u00e0 l\u2019effort, du\u00a0<strong>renforcement musculaire et des \u00e9tirements \u00e0 l\u2019aide d\u2019exercices sp\u00e9cifiques<\/strong>, l\u2019objectif du\u00a0<strong>physiotherapist<\/strong>\u00a0est de permettre au patient de retrouver sa\u00a0<strong>full mobility<\/strong>, sans douleur ni appr\u00e9hension, toujours dans les limites de ses capacit\u00e9s et de ses objectifs.<\/p><p>Durant un traitement de kin\u00e9sith\u00e9rapie s\u2019\u00e9talant sur plusieurs s\u00e9ances, le praticien peut effectuer des manipulations passives (sans effort du patient) ou proposer des exercices de difficult\u00e9 et de r\u00e9sistance croissantes, afin d\u2019aider le patient \u00e0 s\u2019autonomiser et r\u00e9cup\u00e9rer sa mobilit\u00e9, sa force et sa confiance en soi, et diminuer ses appr\u00e9hensions li\u00e9es \u00e0 la douleur.<\/p><p>Pour cela, apr\u00e8s la p\u00e9riode de\u00a0<strong>acute pain<\/strong>the\u00a0<strong>therapist<\/strong>\u00a0veillera \u00e0 doser de la mani\u00e8re la plus juste l\u2019<strong>physical activity<\/strong>\u00a0according to the patient's objectives:\u00a0<strong>remise \u00e0 l\u2019effort<\/strong>\u00a0apr\u00e8s une longue p\u00e9riode d\u2019inactivit\u00e9,\u00a0<strong>learning new motor patterns<\/strong>\u00a0to prevent relapses,\u00a0<strong>physical preparation<\/strong>\u00a0d\u2019un\u00a0<strong>an accomplished and active sportsman<\/strong>\u2026<\/p><p>En ceci, la kin\u00e9sith\u00e9rapie s\u2019adresse donc non seulement \u00e0 des\u00a0<strong>patients<\/strong>, des bless\u00e9s ou des malades, mais \u00e9galement \u00e0 tous types de\u00a0<strong>athletes<\/strong>:\u00a0depuis le\u00a0<strong>sportif du dimanche<\/strong>, j\u2019auqu\u2019\u00e0 l\u2019<strong>athl\u00e8te accompli<\/strong>\u00a0ou le comp\u00e9titeur, quel que soit son niveau.<\/p><p>La kin\u00e9sith\u00e9rapie peut aussi apporter du confort \u00e0 des patients souffrant de maladies incurables, ou \u00e0 ralentir la progression de maladies d\u00e9g\u00e9n\u00e9ratives.<\/p><p>Le kin\u00e9sith\u00e9rapeute travaille alors en collaboration avec le m\u00e9decin traitant ou l\u2019\u00e9quipe m\u00e9dicale, et la kin\u00e9sith\u00e9rapie peut \u00eatre indiqu\u00e9e dans tous types d\u2019affections, en compl\u00e9ment d\u2019un \u00e9ventuel traitement m\u00e9dical.<\/p><p>Physiotherapy is performed by a\u00a0<strong>qualified physiotherapist<\/strong>\u00a0who regularly attends\u00a0<strong>training<\/strong>, afin de se tenir au courant des derni\u00e8res avanc\u00e9es dans son domaine d\u2019activit\u00e9.<\/p><p><strong>te<\/strong> is to enable the patient to regain his or her function: <strong>full mobility<\/strong>without pain or apprehension, and always within the limits of your ability.<\/p><p>After the <strong>acute pain<\/strong>the <strong>therapist<\/strong> will ensure that the right amount of<strong>physical activity<\/strong> according to the patient's objectives: <strong>recovery from exercise<\/strong> after a long period of inactivity, <strong>learning new motor patterns<\/strong> to prevent relapses, <strong>physical preparation<\/strong> a <strong>an accomplished and active sportsman<\/strong>&#8230;<\/p><p>In this respect, physiotherapy is not only aimed at people who are <strong>patients<\/strong>injured or ill, but also to all types of <strong>athletes<\/strong>: <strong>amateurs<\/strong>, <strong>Sunday sports<\/strong>, <strong>accomplished athletes<\/strong> or competitors of all levels.<\/p><p>Physiotherapy is performed by a <strong>qualified physiotherapist<\/strong> who regularly attends <strong>training<\/strong>to keep abreast of the latest developments in its field.<\/p>\t\t\t\t\t\t\t\t<\/div>\n\t\t\t\t<\/div>\n\t\t\t\t\t<\/div>\n\t\t\t\t<\/div>\n\t\t<div class=\"elementor-element elementor-element-e836713 e-flex e-con-boxed e-con e-parent\" data-id=\"e836713\" data-element_type=\"container\" data-e-type=\"container\">\n\t\t\t\t\t<div class=\"e-con-inner\">\n\t\t\t\t<div class=\"elementor-element elementor-element-f450dd1 elementor-widget elementor-widget-heading\" data-id=\"f450dd1\" data-element_type=\"widget\" data-e-type=\"widget\" data-widget_type=\"heading.default\">\n\t\t\t\t<div class=\"elementor-widget-container\">\n\t\t\t\t\t<h2 class=\"elementor-heading-title elementor-size-default\">Acupuncture \u00e0 Wavre<\/h2>\t\t\t\t<\/div>\n\t\t\t\t<\/div>\n\t\t\t\t<div class=\"elementor-element elementor-element-c63a93b elementor-widget-divider--view-line elementor-widget elementor-widget-divider\" data-id=\"c63a93b\" data-element_type=\"widget\" data-e-type=\"widget\" data-widget_type=\"divider.default\">\n\t\t\t\t<div class=\"elementor-widget-container\">\n\t\t\t\t\t\t\t<div class=\"elementor-divider\">\n\t\t\t<span class=\"elementor-divider-separator\">\n\t\t\t\t\t\t<\/span>\n\t\t<\/div>\n\t\t\t\t\t\t<\/div>\n\t\t\t\t<\/div>\n\t\t\t\t<div class=\"elementor-element elementor-element-26b01fa elementor-widget elementor-widget-text-editor\" data-id=\"26b01fa\" data-element_type=\"widget\" data-e-type=\"widget\" data-widget_type=\"text-editor.default\">\n\t\t\t\t<div class=\"elementor-widget-container\">\n\t\t\t\t\t\t\t\t\t<p data-start=\"331\" data-end=\"673\">L\u2019acupuncture est une approche th\u00e9rapeutique <strong>issue de la m\u00e9decine traditionnelle chinoise<\/strong>, qui vise \u00e0 r\u00e9tablir l\u2019<strong>\u00e9quilibre \u00e9nerg\u00e9tique du corps<\/strong>. \u00c0 l\u2019aide de fines aiguilles plac\u00e9es sur des points pr\u00e9cis, elle stimule la <strong>circulation de l\u2019\u00e9nergie vitale<\/strong> \u2014 le <strong><em data-start=\"588\" data-end=\"592\">Qi<\/em><\/strong> \u2014 et aide \u00e0 soulager diverses <strong>douleurs ou tensions physiques et \u00e9motionnelles<\/strong>.<\/p>\n<p data-start=\"675\" data-end=\"998\">Pratiqu\u00e9e dans un cadre professionnel et apaisant, l\u2019acupuncture peut accompagner efficacement le traitement de <strong>troubles musculosquelettiques<\/strong>, <strong>digestifs<\/strong>, <strong>respiratoires<\/strong> ou encore li\u00e9s au <strong>stress<\/strong> et au <strong>sommeil<\/strong>. Elle favorise une meilleure <strong>harmonie du corps et de l\u2019esprit<\/strong>, tout en soutenant le processus <strong>naturel<\/strong> de gu\u00e9rison.<\/p>\n<p data-start=\"1000\" data-end=\"1267\">Cette approche compl\u00e8te et compl\u00e9mentaire \u00e0 la kin\u00e9sith\u00e9rapie permet une prise en charge plus globale du patient.<br data-start=\"1113\" data-end=\"1116\" \/>Pierre Michel, <strong>dipl\u00f4m\u00e9 de l&rsquo;\u00e9cole de m\u00e9decine chinoise<\/strong> <a href=\"http:\/\/fletc.fr\/\" target=\"_blank\" rel=\"noopener\">FLETC<\/a> de Lille, propose des s\u00e9ances d\u2019acupuncture \u00e0 Wavre, adapt\u00e9es \u00e0 chaque besoin et r\u00e9alis\u00e9es dans le respect du rythme et des sensations de chacun.<\/p>\t\t\t\t\t\t\t\t<\/div>\n\t\t\t\t<\/div>\n\t\t\t\t\t<\/div>\n\t\t\t\t<\/div>\n\t\t<div class=\"elementor-element elementor-element-686e613 e-con-full e-flex e-con e-parent\" data-id=\"686e613\" data-element_type=\"container\" data-e-type=\"container\" data-settings=\"{&quot;background_background&quot;:&quot;classic&quot;}\">\n\t\t\t\t<div class=\"elementor-element elementor-element-bbed003 elementor-widget elementor-widget-image-carousel\" data-id=\"bbed003\" data-element_type=\"widget\" data-e-type=\"widget\" data-settings=\"{&quot;slides_to_show&quot;:&quot;3&quot;,&quot;navigation&quot;:&quot;none&quot;,&quot;lazyload&quot;:&quot;yes&quot;,&quot;pause_on_hover&quot;:&quot;no&quot;,&quot;image_spacing_custom&quot;:{&quot;unit&quot;:&quot;px&quot;,&quot;size&quot;:10,&quot;sizes&quot;:[]},&quot;slides_to_show_mobile&quot;:&quot;2&quot;,&quot;slides_to_show_tablet&quot;:&quot;3&quot;,&quot;autoplay&quot;:&quot;yes&quot;,&quot;pause_on_interaction&quot;:&quot;yes&quot;,&quot;autoplay_speed&quot;:5000,&quot;infinite&quot;:&quot;yes&quot;,&quot;speed&quot;:500,&quot;image_spacing_custom_tablet&quot;:{&quot;unit&quot;:&quot;px&quot;,&quot;size&quot;:&quot;&quot;,&quot;sizes&quot;:[]},&quot;image_spacing_custom_mobile&quot;:{&quot;unit&quot;:&quot;px&quot;,&quot;size&quot;:&quot;&quot;,&quot;sizes&quot;:[]}}\" data-widget_type=\"image-carousel.default\">\n\t\t\t\t<div class=\"elementor-widget-container\">\n\t\t\t\t\t\t\t<div class=\"elementor-image-carousel-wrapper swiper\" role=\"region\" aria-roledescription=\"carousel\" aria-label=\"Carrousel d\u2019images\" dir=\"ltr\">\n\t\t\t<div class=\"elementor-image-carousel swiper-wrapper\" aria-live=\"off\">\n\t\t\t\t\t\t\t\t<div class=\"swiper-slide\" role=\"group\" aria-roledescription=\"slide\" aria-label=\"1 sur 7\"><figure class=\"swiper-slide-inner\"><img class=\"swiper-slide-image swiper-lazy\" data-src=\"https:\/\/pierremkine.be\/wp-content\/uploads\/elementor\/thumbs\/Exercices-sur-les-epaules-q4ygomnau35jdn2haibm6knzkahsogvr61q158vp80.jpg\" alt=\"Exercices sur les \u00e9paules | Pierre M. Kin\u00e9sith\u00e9rapeute\" \/><div class=\"swiper-lazy-preloader\"><\/div><\/figure><\/div><div class=\"swiper-slide\" role=\"group\" aria-roledescription=\"slide\" aria-label=\"2 sur 7\"><figure class=\"swiper-slide-inner\"><img class=\"swiper-slide-image swiper-lazy\" data-src=\"https:\/\/pierremkine.be\/wp-content\/uploads\/elementor\/thumbs\/cropped-Pierre-Michel-Logo2-q7m86mzf8aeeqwct08rc4cfs021zzu0l1k60c7qdf4.png\" alt=\"R\u00e9\u00e9ducation\" \/><div class=\"swiper-lazy-preloader\"><\/div><\/figure><\/div><div class=\"swiper-slide\" role=\"group\" aria-roledescription=\"slide\" aria-label=\"3 sur 7\"><figure class=\"swiper-slide-inner\"><img class=\"swiper-slide-image swiper-lazy\" data-src=\"https:\/\/pierremkine.be\/wp-content\/uploads\/elementor\/thumbs\/Exercices-sur-le-balon-scaled-q4ygojts9l1oet6kqz3qh3dls4vp1dkk5nrkpezvqo.jpg\" alt=\"Exercices sur le balon | Pierre M. Kin\u00e9sith\u00e9rapeute\" \/><div class=\"swiper-lazy-preloader\"><\/div><\/figure><\/div><div class=\"swiper-slide\" role=\"group\" aria-roledescription=\"slide\" aria-label=\"4 sur 7\"><figure class=\"swiper-slide-inner\"><img class=\"swiper-slide-image swiper-lazy\" data-src=\"https:\/\/pierremkine.be\/wp-content\/uploads\/elementor\/thumbs\/Exercices-avec-halteres-scaled-q4ygy8jwp4b225416nubo5dm634vd30z5lspr2mtm8.jpg\" alt=\"Exercices avec halt\u00e8res | Pierre M. Kin\u00e9sith\u00e9rapeute\" \/><div class=\"swiper-lazy-preloader\"><\/div><\/figure><\/div><div class=\"swiper-slide\" role=\"group\" aria-roledescription=\"slide\" aria-label=\"5 sur 7\"><figure class=\"swiper-slide-inner\"><img class=\"swiper-slide-image swiper-lazy\" data-src=\"https:\/\/pierremkine.be\/wp-content\/uploads\/elementor\/thumbs\/Etirements-scaled-q4ygoxxd43kz8ym3gn750htiowy78u4j7ljuwkez5c.jpg\" alt=\"\u00c9tirements | Pierre M. Kin\u00e9sith\u00e9rapeute\" \/><div class=\"swiper-lazy-preloader\"><\/div><\/figure><\/div><div class=\"swiper-slide\" role=\"group\" aria-roledescription=\"slide\" aria-label=\"6 sur 7\"><figure class=\"swiper-slide-inner\"><img class=\"swiper-slide-image swiper-lazy\" data-src=\"https:\/\/pierremkine.be\/wp-content\/uploads\/elementor\/thumbs\/Etirements-des-pieds-scaled-q4ygo6o1lwjnw9povteyi6p5gqok1m4bfumrzjje5s.jpg\" alt=\"\u00c9tirements des pieds | Pierre M. Kin\u00e9sith\u00e9rapeute\" \/><div class=\"swiper-lazy-preloader\"><\/div><\/figure><\/div><div class=\"swiper-slide\" role=\"group\" aria-roledescription=\"slide\" aria-label=\"7 sur 7\"><figure class=\"swiper-slide-inner\"><img class=\"swiper-slide-image swiper-lazy\" data-src=\"https:\/\/pierremkine.be\/wp-content\/uploads\/elementor\/thumbs\/Massage-scaled-q4ygn36tmv1mcnb1accmlgnsik352brlaf8dtx5xf4.jpg\" alt=\"Massage | Pierre M. Kin\u00e9sith\u00e9rapeute\" \/><div class=\"swiper-lazy-preloader\"><\/div><\/figure><\/div>\t\t\t<\/div>\n\t\t\t\t\t\t\t\n\t\t\t\t\t\t\t\t\t<\/div>\n\t\t\t\t\t\t<\/div>\n\t\t\t\t<\/div>\n\t\t\t\t<\/div>\n\t\t<div class=\"elementor-element elementor-element-cf0ec94 e-flex e-con-boxed e-con e-parent\" data-id=\"cf0ec94\" data-element_type=\"container\" data-e-type=\"container\" data-settings=\"{&quot;background_background&quot;:&quot;classic&quot;}\">\n\t\t\t\t\t<div class=\"e-con-inner\">\n\t\t\t\t<div class=\"elementor-element elementor-element-fad99d2 elementor-widget elementor-widget-heading\" data-id=\"fad99d2\" data-element_type=\"widget\" data-e-type=\"widget\" data-widget_type=\"heading.default\">\n\t\t\t\t<div class=\"elementor-widget-container\">\n\t\t\t\t\t<h2 class=\"elementor-heading-title elementor-size-default\">Consultations au dojo de Wavre<\/h2>\t\t\t\t<\/div>\n\t\t\t\t<\/div>\n\t\t\t\t<div class=\"elementor-element elementor-element-ab26afa elementor-widget-divider--view-line elementor-widget elementor-widget-divider\" data-id=\"ab26afa\" data-element_type=\"widget\" data-e-type=\"widget\" data-widget_type=\"divider.default\">\n\t\t\t\t<div class=\"elementor-widget-container\">\n\t\t\t\t\t\t\t<div class=\"elementor-divider\">\n\t\t\t<span class=\"elementor-divider-separator\">\n\t\t\t\t\t\t<\/span>\n\t\t<\/div>\n\t\t\t\t\t\t<\/div>\n\t\t\t\t<\/div>\n\t\t<div class=\"elementor-element elementor-element-480fc88 e-con-full e-flex e-con e-child\" data-id=\"480fc88\" data-element_type=\"container\" data-e-type=\"container\">\n\t\t<div class=\"elementor-element elementor-element-6d39125 e-con-full e-flex e-con e-child\" data-id=\"6d39125\" data-element_type=\"container\" data-e-type=\"container\">\n\t\t\t\t<div class=\"elementor-element elementor-element-6a5f5be elementor-widget__width-initial elementor-widget elementor-widget-image\" data-id=\"6a5f5be\" data-element_type=\"widget\" data-e-type=\"widget\" data-widget_type=\"image.default\">\n\t\t\t\t<div class=\"elementor-widget-container\">\n\t\t\t\t\t\t\t\t\t\t\t\t\t\t\t\t<a href=\"https:\/\/www.ledojowavre.be\/\" target=\"_blank\" rel=\"noopener\">\n\t\t\t\t\t\t\t<img fetchpriority=\"high\" decoding=\"async\" width=\"480\" height=\"480\" src=\"https:\/\/pierremkine.be\/wp-content\/uploads\/logo.png\" class=\"attachment-large size-large wp-image-474\" alt=\",\" srcset=\"https:\/\/pierremkine.be\/wp-content\/uploads\/logo.png 480w, https:\/\/pierremkine.be\/wp-content\/uploads\/logo-12x12.png 12w\" sizes=\"(max-width: 480px) 100vw, 480px\" title=\"\">\t\t\t\t\t\t\t\t<\/a>\n\t\t\t\t\t\t\t\t\t\t\t\t\t\t\t<\/div>\n\t\t\t\t<\/div>\n\t\t\t\t<\/div>\n\t\t<div class=\"elementor-element elementor-element-8c0bb2a e-con-full e-flex e-con e-child\" data-id=\"8c0bb2a\" data-element_type=\"container\" data-e-type=\"container\">\n\t\t\t\t<div class=\"elementor-element elementor-element-b7fbf32 elementor-widget elementor-widget-button\" data-id=\"b7fbf32\" data-element_type=\"widget\" data-e-type=\"widget\" data-widget_type=\"button.default\">\n\t\t\t\t<div class=\"elementor-widget-container\">\n\t\t\t\t\t\t\t\t\t<div class=\"elementor-button-wrapper\">\n\t\t\t\t\t<a class=\"elementor-button elementor-button-link elementor-size-sm\" href=\"https:\/\/www.ledojowavre.be\/\" target=\"_blank\" rel=\"noopener\">\n\t\t\t\t\t\t<span class=\"elementor-button-content-wrapper\">\n\t\t\t\t\t\t\t\t\t<span class=\"elementor-button-text\">D\u00e9couvrir le dojo<\/span>\n\t\t\t\t\t<\/span>\n\t\t\t\t\t<\/a>\n\t\t\t\t<\/div>\n\t\t\t\t\t\t\t\t<\/div>\n\t\t\t\t<\/div>\n\t\t\t\t<div class=\"elementor-element elementor-element-ac0b3b2 elementor-widget elementor-widget-text-editor\" data-id=\"ac0b3b2\" data-element_type=\"widget\" data-e-type=\"widget\" data-widget_type=\"text-editor.default\">\n\t\t\t\t<div class=\"elementor-widget-container\">\n\t\t\t\t\t\t\t\t\t<p>Suivre le dojo sur Instagram :<\/p>\t\t\t\t\t\t\t\t<\/div>\n\t\t\t\t<\/div>\n\t\t\t\t<div class=\"elementor-element elementor-element-973e8d6 elementor-shape-circle elementor-grid-0 elementor-widget elementor-widget-social-icons\" data-id=\"973e8d6\" data-element_type=\"widget\" data-e-type=\"widget\" data-widget_type=\"social-icons.default\">\n\t\t\t\t<div class=\"elementor-widget-container\">\n\t\t\t\t\t\t\t<div class=\"elementor-social-icons-wrapper elementor-grid\">\n\t\t\t\t\t\t\t<span class=\"elementor-grid-item\">\n\t\t\t\t\t<a class=\"elementor-icon elementor-social-icon elementor-social-icon-instagram elementor-repeater-item-f92d950\" href=\"https:\/\/www.instagram.com\/ledojowavre\" target=\"_blank\" rel=\"noopener\">\n\t\t\t\t\t\t<span class=\"elementor-screen-only\">Instagram<\/span>\n\t\t\t\t\t\t<i aria-hidden=\"true\" class=\"fab fa-instagram\"><\/i>\t\t\t\t\t<\/a>\n\t\t\t\t<\/span>\n\t\t\t\t\t<\/div>\n\t\t\t\t\t\t<\/div>\n\t\t\t\t<\/div>\n\t\t\t\t<div class=\"elementor-element elementor-element-09c5868 elementor-icon-list--layout-inline elementor-align-center elementor-widget__width-inherit elementor-list-item-link-full_width elementor-widget elementor-widget-icon-list\" data-id=\"09c5868\" data-element_type=\"widget\" data-e-type=\"widget\" data-widget_type=\"icon-list.default\">\n\t\t\t\t<div class=\"elementor-widget-container\">\n\t\t\t\t\t\t\t<ul class=\"elementor-icon-list-items elementor-inline-items\">\n\t\t\t\t\t\t\t<li class=\"elementor-icon-list-item elementor-inline-item\">\n\t\t\t\t\t\t\t\t\t\t\t<a href=\"https:\/\/maps.app.goo.gl\/fNGyFTqrp6EpUHrY9\" target=\"_blank\" rel=\"noopener\">\n\n\t\t\t\t\t\t\t\t\t\t\t\t<span class=\"elementor-icon-list-icon\">\n\t\t\t\t\t\t\t<i aria-hidden=\"true\" class=\"fas fa-map-marker-alt\"><\/i>\t\t\t\t\t\t<\/span>\n\t\t\t\t\t\t\t\t\t\t<span class=\"elementor-icon-list-text\">Place de l'H\u00f4tel de Ville 27, 1300 Wavre<\/span>\n\t\t\t\t\t\t\t\t\t\t\t<\/a>\n\t\t\t\t\t\t\t\t\t<\/li>\n\t\t\t\t\t\t<\/ul>\n\t\t\t\t\t\t<\/div>\n\t\t\t\t<\/div>\n\t\t\t\t<\/div>\n\t\t\t\t<\/div>\n\t\t<div class=\"elementor-element elementor-element-c6048ec e-con-full e-flex e-con e-child\" data-id=\"c6048ec\" data-element_type=\"container\" data-e-type=\"container\">\n\t\t\t\t<div class=\"elementor-element elementor-element-d80cf78 elementor-widget elementor-widget-heading\" data-id=\"d80cf78\" data-element_type=\"widget\" data-e-type=\"widget\" data-widget_type=\"heading.default\">\n\t\t\t\t<div class=\"elementor-widget-container\">\n\t\t\t\t\t<h4 class=\"elementor-heading-title elementor-size-default\">Prise de rendez-vous au Dojo :<\/h4>\t\t\t\t<\/div>\n\t\t\t\t<\/div>\n\t\t\t\t<div class=\"elementor-element elementor-element-27ab4a2 elementor-widget elementor-widget-text-editor\" data-id=\"27ab4a2\" data-element_type=\"widget\" data-e-type=\"widget\" data-widget_type=\"text-editor.default\">\n\t\t\t\t<div class=\"elementor-widget-container\">\n\t\t\t\t\t\t\t\t\t<p>Le <strong>cabinet au Dojo est situ\u00e9 au deuxi\u00e8me \u00e9tage sans ascenseur<\/strong>, donc <strong>inaccessible si vous souffrez d\u2019une pathologie du membre inf\u00e9rieur<\/strong> (entorse de cheville, fracture d\u2019un os de la jambe) ou <strong>si vous n\u2019\u00eates pas capable de monter les deux \u00e9tages<\/strong> (condition cardiaque ou probl\u00e8me respiratoire, d\u00e9conditionnement g\u00e9n\u00e9ralis\u00e9).<\/p><p>Dans ce cas, merci de <strong>prendre rendez-vous au cabinet principal<\/strong>, Rue Caule, <strong>ou de me t\u00e9l\u00e9phoner<\/strong> afin de fixer un rendez-vous dans les meilleures conditions.<\/p>\t\t\t\t\t\t\t\t<\/div>\n\t\t\t\t<\/div>\n\t\t\t\t<\/div>\n\t\t\t\t\t<\/div>\n\t\t\t\t<\/div>\n\t\t\t\t<\/div>","protected":false},"excerpt":{"rendered":"<p>Kin\u00e9sith\u00e9rapeute et acupuncteur \u00e0 Wavre Pierre Michel Votre kin\u00e9sith\u00e9rapeute \u00e0 Wavre La\u00a0kin\u00e9sith\u00e9rapie,\u00a0\u201cth\u00e9rapie par le mouvement\u201d, vise dans un premier temps \u00e0 diminuer la\u00a0douleur\u00a0du patient tout en conservant sa\u00a0mobilit\u00e9. Ensuite, par un\u00a0r\u00e9entrainement progressif\u00a0\u00e0 l\u2019effort, du\u00a0renforcement musculaire et des \u00e9tirements \u00e0 l\u2019aide d\u2019exercices sp\u00e9cifiques, l\u2019objectif du\u00a0kin\u00e9sith\u00e9rapeute\u00a0est de permettre au patient de retrouver sa\u00a0mobilit\u00e9 compl\u00e8te, sans douleur ni [&hellip;]<\/p>\n","protected":false},"author":1,"featured_media":0,"parent":0,"menu_order":0,"comment_status":"closed","ping_status":"closed","template":"","meta":{"footnotes":""},"class_list":["post-2","page","type-page","status-publish","hentry"],"_links":{"self":[{"href":"https:\/\/pierremkine.be\/en\/wp-json\/wp\/v2\/pages\/2","targetHints":{"allow":["GET"]}}],"collection":[{"href":"https:\/\/pierremkine.be\/en\/wp-json\/wp\/v2\/pages"}],"about":[{"href":"https:\/\/pierremkine.be\/en\/wp-json\/wp\/v2\/types\/page"}],"author":[{"embeddable":true,"href":"https:\/\/pierremkine.be\/en\/wp-json\/wp\/v2\/users\/1"}],"replies":[{"embeddable":true,"href":"https:\/\/pierremkine.be\/en\/wp-json\/wp\/v2\/comments?post=2"}],"version-history":[{"count":49,"href":"https:\/\/pierremkine.be\/en\/wp-json\/wp\/v2\/pages\/2\/revisions"}],"predecessor-version":[{"id":528,"href":"https:\/\/pierremkine.be\/en\/wp-json\/wp\/v2\/pages\/2\/revisions\/528"}],"wp:attachment":[{"href":"https:\/\/pierremkine.be\/en\/wp-json\/wp\/v2\/media?parent=2"}],"curies":[{"name":"wp","href":"https:\/\/api.w.org\/{rel}","templated":true}]}}